{"id":453,"date":"2024-06-08T17:07:39","date_gmt":"2024-06-08T15:07:39","guid":{"rendered":"https:\/\/foroacademy.com\/?page_id=453"},"modified":"2025-03-31T11:08:16","modified_gmt":"2025-03-31T09:08:16","slug":"facilities","status":"publish","type":"page","link":"https:\/\/foroacademy.com\/en\/intalaciones\/","title":{"rendered":"Facilities"},"content":{"rendered":"<div data-elementor-type=\"wp-page\" data-elementor-id=\"453\" class=\"elementor elementor-453\" data-elementor-post-type=\"page\">\n\t\t\t\t\t\t<section class=\"elementor-section elementor-top-section elementor-element elementor-element-57e49079 elementor-section-content-middle elementor-section-boxed elementor-section-height-default elementor-section-height-default\" data-id=\"57e49079\" data-element_type=\"section\" data-e-type=\"section\" data-settings=\"{&quot;background_background&quot;:&quot;classic&quot;}\">\n\t\t\t\t\t\t\t<div class=\"elementor-background-overlay\"><\/div>\n\t\t\t\t\t\t\t<div class=\"elementor-container elementor-column-gap-default\">\n\t\t\t\t\t<div class=\"elementor-column elementor-col-100 elementor-top-column elementor-element elementor-element-196f263e\" data-id=\"196f263e\" data-element_type=\"column\" data-e-type=\"column\" data-settings=\"{&quot;background_background&quot;:&quot;classic&quot;}\">\n\t\t\t<div class=\"elementor-widget-wrap elementor-element-populated\">\n\t\t\t\t\t\t<div class=\"elementor-element elementor-element-4b3838bd elementor-widget elementor-widget-heading\" data-id=\"4b3838bd\" data-element_type=\"widget\" data-e-type=\"widget\" data-widget_type=\"heading.default\">\n\t\t\t\t<div class=\"elementor-widget-container\">\n\t\t\t\t\t<h2 class=\"elementor-heading-title elementor-size-default\">Facilities<\/h2>\t\t\t\t<\/div>\n\t\t\t\t<\/div>\n\t\t\t\t\t<\/div>\n\t\t<\/div>\n\t\t\t\t\t<\/div>\n\t\t<\/section>\n\t\t\t\t<section class=\"elementor-section elementor-top-section elementor-element elementor-element-29c989df elementor-section-boxed elementor-section-height-default elementor-section-height-default\" data-id=\"29c989df\" data-element_type=\"section\" data-e-type=\"section\">\n\t\t\t\t\t\t<div class=\"elementor-container elementor-column-gap-default\">\n\t\t\t\t\t<div class=\"elementor-column elementor-col-50 elementor-top-column elementor-element elementor-element-6abd40f1\" data-id=\"6abd40f1\" data-element_type=\"column\" data-e-type=\"column\">\n\t\t\t<div class=\"elementor-widget-wrap elementor-element-populated\">\n\t\t\t\t\t\t<div class=\"elementor-element elementor-element-6bada83d elementor-widget elementor-widget-heading\" data-id=\"6bada83d\" data-element_type=\"widget\" data-e-type=\"widget\" data-widget_type=\"heading.default\">\n\t\t\t\t<div class=\"elementor-widget-container\">\n\t\t\t\t\t<h2 class=\"elementor-heading-title elementor-size-default\">A quick look at our facilities<\/h2>\t\t\t\t<\/div>\n\t\t\t\t<\/div>\n\t\t\t\t<div class=\"elementor-element elementor-element-0aada9f gallery-spacing-custom elementor-widget elementor-widget-image-gallery\" data-id=\"0aada9f\" data-element_type=\"widget\" data-e-type=\"widget\" data-widget_type=\"image-gallery.default\">\n\t\t\t\t<div class=\"elementor-widget-container\">\n\t\t\t\t\t\t\t<div class=\"elementor-image-gallery\">\n\t\t\t<div id='gallery-1' class='gallery galleryid-453 gallery-columns-2 gallery-size-large'><figure class='gallery-item'>\n\t\t\t<div class='gallery-icon landscape'>\n\t\t\t\t<a data-elementor-open-lightbox=\"yes\" data-elementor-lightbox-slideshow=\"0aada9f\" data-elementor-lightbox-title=\"Foto1\" data-e-action-hash=\"#elementor-action%3Aaction%3Dlightbox%26settings%3DeyJpZCI6NDU2LCJ1cmwiOiJodHRwczpcL1wvZm9yb2FjYWRlbXkuY29tXC93cC1jb250ZW50XC91cGxvYWRzXC8yMDI0XC8wNlwvRm90bzEuanBnIiwic2xpZGVzaG93IjoiMGFhZGE5ZiJ9\" href='https:\/\/foroacademy.com\/wp-content\/uploads\/2024\/06\/Foto1.jpg'><img fetchpriority=\"high\" decoding=\"async\" width=\"800\" height=\"530\" src=\"https:\/\/foroacademy.com\/wp-content\/uploads\/2024\/06\/Foto1-1024x678.jpg\" class=\"attachment-large size-large\" alt=\"\" srcset=\"https:\/\/foroacademy.com\/wp-content\/uploads\/2024\/06\/Foto1-1024x678.jpg 1024w, https:\/\/foroacademy.com\/wp-content\/uploads\/2024\/06\/Foto1-300x199.jpg 300w, https:\/\/foroacademy.com\/wp-content\/uploads\/2024\/06\/Foto1-768x509.jpg 768w, https:\/\/foroacademy.com\/wp-content\/uploads\/2024\/06\/Foto1-1536x1018.jpg 1536w, https:\/\/foroacademy.com\/wp-content\/uploads\/2024\/06\/Foto1-18x12.jpg 18w, https:\/\/foroacademy.com\/wp-content\/uploads\/2024\/06\/Foto1.jpg 2000w\" sizes=\"(max-width: 800px) 100vw, 800px\" \/><\/a>\n\t\t\t<\/div><\/figure><figure class='gallery-item'>\n\t\t\t<div class='gallery-icon landscape'>\n\t\t\t\t<a data-elementor-open-lightbox=\"yes\" data-elementor-lightbox-slideshow=\"0aada9f\" data-elementor-lightbox-title=\"Foto2\" data-e-action-hash=\"#elementor-action%3Aaction%3Dlightbox%26settings%3DeyJpZCI6NDU3LCJ1cmwiOiJodHRwczpcL1wvZm9yb2FjYWRlbXkuY29tXC93cC1jb250ZW50XC91cGxvYWRzXC8yMDI0XC8wNlwvRm90bzIuanBnIiwic2xpZGVzaG93IjoiMGFhZGE5ZiJ9\" href='https:\/\/foroacademy.com\/wp-content\/uploads\/2024\/06\/Foto2.jpg'><img decoding=\"async\" width=\"800\" height=\"530\" src=\"https:\/\/foroacademy.com\/wp-content\/uploads\/2024\/06\/Foto2-1024x678.jpg\" class=\"attachment-large size-large\" alt=\"\" srcset=\"https:\/\/foroacademy.com\/wp-content\/uploads\/2024\/06\/Foto2-1024x678.jpg 1024w, https:\/\/foroacademy.com\/wp-content\/uploads\/2024\/06\/Foto2-300x199.jpg 300w, https:\/\/foroacademy.com\/wp-content\/uploads\/2024\/06\/Foto2-768x509.jpg 768w, https:\/\/foroacademy.com\/wp-content\/uploads\/2024\/06\/Foto2-1536x1018.jpg 1536w, https:\/\/foroacademy.com\/wp-content\/uploads\/2024\/06\/Foto2-18x12.jpg 18w, https:\/\/foroacademy.com\/wp-content\/uploads\/2024\/06\/Foto2.jpg 2000w\" sizes=\"(max-width: 800px) 100vw, 800px\" \/><\/a>\n\t\t\t<\/div><\/figure><figure class='gallery-item'>\n\t\t\t<div class='gallery-icon landscape'>\n\t\t\t\t<a data-elementor-open-lightbox=\"yes\" data-elementor-lightbox-slideshow=\"0aada9f\" data-elementor-lightbox-title=\"Foto3\" data-e-action-hash=\"#elementor-action%3Aaction%3Dlightbox%26settings%3DeyJpZCI6NDU4LCJ1cmwiOiJodHRwczpcL1wvZm9yb2FjYWRlbXkuY29tXC93cC1jb250ZW50XC91cGxvYWRzXC8yMDI0XC8wNlwvRm90bzMuanBnIiwic2xpZGVzaG93IjoiMGFhZGE5ZiJ9\" href='https:\/\/foroacademy.com\/wp-content\/uploads\/2024\/06\/Foto3.jpg'><img decoding=\"async\" width=\"800\" height=\"530\" src=\"https:\/\/foroacademy.com\/wp-content\/uploads\/2024\/06\/Foto3-1024x678.jpg\" class=\"attachment-large size-large\" alt=\"\" srcset=\"https:\/\/foroacademy.com\/wp-content\/uploads\/2024\/06\/Foto3-1024x678.jpg 1024w, https:\/\/foroacademy.com\/wp-content\/uploads\/2024\/06\/Foto3-300x199.jpg 300w, https:\/\/foroacademy.com\/wp-content\/uploads\/2024\/06\/Foto3-768x509.jpg 768w, https:\/\/foroacademy.com\/wp-content\/uploads\/2024\/06\/Foto3-1536x1018.jpg 1536w, https:\/\/foroacademy.com\/wp-content\/uploads\/2024\/06\/Foto3-18x12.jpg 18w, https:\/\/foroacademy.com\/wp-content\/uploads\/2024\/06\/Foto3.jpg 2000w\" sizes=\"(max-width: 800px) 100vw, 800px\" \/><\/a>\n\t\t\t<\/div><\/figure><figure class='gallery-item'>\n\t\t\t<div class='gallery-icon landscape'>\n\t\t\t\t<a data-elementor-open-lightbox=\"yes\" data-elementor-lightbox-slideshow=\"0aada9f\" data-elementor-lightbox-title=\"Foto4\" data-e-action-hash=\"#elementor-action%3Aaction%3Dlightbox%26settings%3DeyJpZCI6NDU5LCJ1cmwiOiJodHRwczpcL1wvZm9yb2FjYWRlbXkuY29tXC93cC1jb250ZW50XC91cGxvYWRzXC8yMDI0XC8wNlwvRm90bzQuanBnIiwic2xpZGVzaG93IjoiMGFhZGE5ZiJ9\" href='https:\/\/foroacademy.com\/wp-content\/uploads\/2024\/06\/Foto4.jpg'><img loading=\"lazy\" decoding=\"async\" width=\"800\" height=\"530\" src=\"https:\/\/foroacademy.com\/wp-content\/uploads\/2024\/06\/Foto4-1024x678.jpg\" class=\"attachment-large size-large\" alt=\"\" srcset=\"https:\/\/foroacademy.com\/wp-content\/uploads\/2024\/06\/Foto4-1024x678.jpg 1024w, https:\/\/foroacademy.com\/wp-content\/uploads\/2024\/06\/Foto4-300x199.jpg 300w, https:\/\/foroacademy.com\/wp-content\/uploads\/2024\/06\/Foto4-768x509.jpg 768w, https:\/\/foroacademy.com\/wp-content\/uploads\/2024\/06\/Foto4-1536x1018.jpg 1536w, https:\/\/foroacademy.com\/wp-content\/uploads\/2024\/06\/Foto4-18x12.jpg 18w, https:\/\/foroacademy.com\/wp-content\/uploads\/2024\/06\/Foto4.jpg 2000w\" sizes=\"(max-width: 800px) 100vw, 800px\" \/><\/a>\n\t\t\t<\/div><\/figure><figure class='gallery-item'>\n\t\t\t<div class='gallery-icon landscape'>\n\t\t\t\t<a data-elementor-open-lightbox=\"yes\" data-elementor-lightbox-slideshow=\"0aada9f\" data-elementor-lightbox-title=\"Foto5\" data-e-action-hash=\"#elementor-action%3Aaction%3Dlightbox%26settings%3DeyJpZCI6NDYwLCJ1cmwiOiJodHRwczpcL1wvZm9yb2FjYWRlbXkuY29tXC93cC1jb250ZW50XC91cGxvYWRzXC8yMDI0XC8wNlwvRm90bzUuanBnIiwic2xpZGVzaG93IjoiMGFhZGE5ZiJ9\" href='https:\/\/foroacademy.com\/wp-content\/uploads\/2024\/06\/Foto5.jpg'><img loading=\"lazy\" decoding=\"async\" width=\"800\" height=\"530\" src=\"https:\/\/foroacademy.com\/wp-content\/uploads\/2024\/06\/Foto5-1024x678.jpg\" class=\"attachment-large size-large\" alt=\"\" srcset=\"https:\/\/foroacademy.com\/wp-content\/uploads\/2024\/06\/Foto5-1024x678.jpg 1024w, https:\/\/foroacademy.com\/wp-content\/uploads\/2024\/06\/Foto5-300x199.jpg 300w, https:\/\/foroacademy.com\/wp-content\/uploads\/2024\/06\/Foto5-768x509.jpg 768w, https:\/\/foroacademy.com\/wp-content\/uploads\/2024\/06\/Foto5-1536x1018.jpg 1536w, https:\/\/foroacademy.com\/wp-content\/uploads\/2024\/06\/Foto5-18x12.jpg 18w, https:\/\/foroacademy.com\/wp-content\/uploads\/2024\/06\/Foto5.jpg 2000w\" sizes=\"(max-width: 800px) 100vw, 800px\" \/><\/a>\n\t\t\t<\/div><\/figure><figure class='gallery-item'>\n\t\t\t<div class='gallery-icon landscape'>\n\t\t\t\t<a data-elementor-open-lightbox=\"yes\" data-elementor-lightbox-slideshow=\"0aada9f\" data-elementor-lightbox-title=\"Foto8\" data-e-action-hash=\"#elementor-action%3Aaction%3Dlightbox%26settings%3DeyJpZCI6NDYxLCJ1cmwiOiJodHRwczpcL1wvZm9yb2FjYWRlbXkuY29tXC93cC1jb250ZW50XC91cGxvYWRzXC8yMDI0XC8wNlwvRm90bzguanBnIiwic2xpZGVzaG93IjoiMGFhZGE5ZiJ9\" href='https:\/\/foroacademy.com\/wp-content\/uploads\/2024\/06\/Foto8.jpg'><img loading=\"lazy\" decoding=\"async\" width=\"800\" height=\"530\" src=\"https:\/\/foroacademy.com\/wp-content\/uploads\/2024\/06\/Foto8-1024x678.jpg\" class=\"attachment-large size-large\" alt=\"\" srcset=\"https:\/\/foroacademy.com\/wp-content\/uploads\/2024\/06\/Foto8-1024x678.jpg 1024w, https:\/\/foroacademy.com\/wp-content\/uploads\/2024\/06\/Foto8-300x199.jpg 300w, https:\/\/foroacademy.com\/wp-content\/uploads\/2024\/06\/Foto8-768x509.jpg 768w, https:\/\/foroacademy.com\/wp-content\/uploads\/2024\/06\/Foto8-1536x1018.jpg 1536w, https:\/\/foroacademy.com\/wp-content\/uploads\/2024\/06\/Foto8-18x12.jpg 18w, https:\/\/foroacademy.com\/wp-content\/uploads\/2024\/06\/Foto8.jpg 2000w\" sizes=\"(max-width: 800px) 100vw, 800px\" \/><\/a>\n\t\t\t<\/div><\/figure><figure class='gallery-item'>\n\t\t\t<div class='gallery-icon landscape'>\n\t\t\t\t<a data-elementor-open-lightbox=\"yes\" data-elementor-lightbox-slideshow=\"0aada9f\" data-elementor-lightbox-title=\"Foto9\" data-e-action-hash=\"#elementor-action%3Aaction%3Dlightbox%26settings%3DeyJpZCI6NDYyLCJ1cmwiOiJodHRwczpcL1wvZm9yb2FjYWRlbXkuY29tXC93cC1jb250ZW50XC91cGxvYWRzXC8yMDI0XC8wNlwvRm90bzkuanBnIiwic2xpZGVzaG93IjoiMGFhZGE5ZiJ9\" href='https:\/\/foroacademy.com\/wp-content\/uploads\/2024\/06\/Foto9.jpg'><img loading=\"lazy\" decoding=\"async\" width=\"800\" height=\"530\" src=\"https:\/\/foroacademy.com\/wp-content\/uploads\/2024\/06\/Foto9-1024x678.jpg\" class=\"attachment-large size-large\" alt=\"\" srcset=\"https:\/\/foroacademy.com\/wp-content\/uploads\/2024\/06\/Foto9-1024x678.jpg 1024w, https:\/\/foroacademy.com\/wp-content\/uploads\/2024\/06\/Foto9-300x199.jpg 300w, https:\/\/foroacademy.com\/wp-content\/uploads\/2024\/06\/Foto9-768x509.jpg 768w, https:\/\/foroacademy.com\/wp-content\/uploads\/2024\/06\/Foto9-1536x1018.jpg 1536w, https:\/\/foroacademy.com\/wp-content\/uploads\/2024\/06\/Foto9-18x12.jpg 18w, https:\/\/foroacademy.com\/wp-content\/uploads\/2024\/06\/Foto9.jpg 2000w\" sizes=\"(max-width: 800px) 100vw, 800px\" \/><\/a>\n\t\t\t<\/div><\/figure><figure class='gallery-item'>\n\t\t\t<div class='gallery-icon landscape'>\n\t\t\t\t<a data-elementor-open-lightbox=\"yes\" data-elementor-lightbox-slideshow=\"0aada9f\" data-elementor-lightbox-title=\"Foto11\" data-e-action-hash=\"#elementor-action%3Aaction%3Dlightbox%26settings%3DeyJpZCI6NDYzLCJ1cmwiOiJodHRwczpcL1wvZm9yb2FjYWRlbXkuY29tXC93cC1jb250ZW50XC91cGxvYWRzXC8yMDI0XC8wNlwvRm90bzExLmpwZyIsInNsaWRlc2hvdyI6IjBhYWRhOWYifQ%3D%3D\" href='https:\/\/foroacademy.com\/wp-content\/uploads\/2024\/06\/Foto11.jpg'><img loading=\"lazy\" decoding=\"async\" width=\"800\" height=\"530\" src=\"https:\/\/foroacademy.com\/wp-content\/uploads\/2024\/06\/Foto11-1024x678.jpg\" class=\"attachment-large size-large\" alt=\"\" srcset=\"https:\/\/foroacademy.com\/wp-content\/uploads\/2024\/06\/Foto11-1024x678.jpg 1024w, https:\/\/foroacademy.com\/wp-content\/uploads\/2024\/06\/Foto11-300x199.jpg 300w, https:\/\/foroacademy.com\/wp-content\/uploads\/2024\/06\/Foto11-768x509.jpg 768w, https:\/\/foroacademy.com\/wp-content\/uploads\/2024\/06\/Foto11-1536x1018.jpg 1536w, https:\/\/foroacademy.com\/wp-content\/uploads\/2024\/06\/Foto11-18x12.jpg 18w, https:\/\/foroacademy.com\/wp-content\/uploads\/2024\/06\/Foto11.jpg 2000w\" sizes=\"(max-width: 800px) 100vw, 800px\" \/><\/a>\n\t\t\t<\/div><\/figure><figure class='gallery-item'>\n\t\t\t<div class='gallery-icon landscape'>\n\t\t\t\t<a data-elementor-open-lightbox=\"yes\" data-elementor-lightbox-slideshow=\"0aada9f\" data-elementor-lightbox-title=\"Foto12\" data-e-action-hash=\"#elementor-action%3Aaction%3Dlightbox%26settings%3DeyJpZCI6NDY0LCJ1cmwiOiJodHRwczpcL1wvZm9yb2FjYWRlbXkuY29tXC93cC1jb250ZW50XC91cGxvYWRzXC8yMDI0XC8wNlwvRm90bzEyLmpwZyIsInNsaWRlc2hvdyI6IjBhYWRhOWYifQ%3D%3D\" href='https:\/\/foroacademy.com\/wp-content\/uploads\/2024\/06\/Foto12.jpg'><img loading=\"lazy\" decoding=\"async\" width=\"800\" height=\"530\" src=\"https:\/\/foroacademy.com\/wp-content\/uploads\/2024\/06\/Foto12-1024x678.jpg\" class=\"attachment-large size-large\" alt=\"\" srcset=\"https:\/\/foroacademy.com\/wp-content\/uploads\/2024\/06\/Foto12-1024x678.jpg 1024w, https:\/\/foroacademy.com\/wp-content\/uploads\/2024\/06\/Foto12-300x199.jpg 300w, https:\/\/foroacademy.com\/wp-content\/uploads\/2024\/06\/Foto12-768x509.jpg 768w, https:\/\/foroacademy.com\/wp-content\/uploads\/2024\/06\/Foto12-1536x1018.jpg 1536w, https:\/\/foroacademy.com\/wp-content\/uploads\/2024\/06\/Foto12-18x12.jpg 18w, https:\/\/foroacademy.com\/wp-content\/uploads\/2024\/06\/Foto12.jpg 2000w\" sizes=\"(max-width: 800px) 100vw, 800px\" \/><\/a>\n\t\t\t<\/div><\/figure><figure class='gallery-item'>\n\t\t\t<div class='gallery-icon landscape'>\n\t\t\t\t<a data-elementor-open-lightbox=\"yes\" data-elementor-lightbox-slideshow=\"0aada9f\" data-elementor-lightbox-title=\"Foto13\" data-e-action-hash=\"#elementor-action%3Aaction%3Dlightbox%26settings%3DeyJpZCI6NDY1LCJ1cmwiOiJodHRwczpcL1wvZm9yb2FjYWRlbXkuY29tXC93cC1jb250ZW50XC91cGxvYWRzXC8yMDI0XC8wNlwvRm90bzEzLmpwZyIsInNsaWRlc2hvdyI6IjBhYWRhOWYifQ%3D%3D\" href='https:\/\/foroacademy.com\/wp-content\/uploads\/2024\/06\/Foto13.jpg'><img loading=\"lazy\" decoding=\"async\" width=\"800\" height=\"530\" src=\"https:\/\/foroacademy.com\/wp-content\/uploads\/2024\/06\/Foto13-1024x678.jpg\" class=\"attachment-large size-large\" alt=\"\" srcset=\"https:\/\/foroacademy.com\/wp-content\/uploads\/2024\/06\/Foto13-1024x678.jpg 1024w, https:\/\/foroacademy.com\/wp-content\/uploads\/2024\/06\/Foto13-300x199.jpg 300w, https:\/\/foroacademy.com\/wp-content\/uploads\/2024\/06\/Foto13-768x509.jpg 768w, https:\/\/foroacademy.com\/wp-content\/uploads\/2024\/06\/Foto13-1536x1018.jpg 1536w, https:\/\/foroacademy.com\/wp-content\/uploads\/2024\/06\/Foto13-18x12.jpg 18w, https:\/\/foroacademy.com\/wp-content\/uploads\/2024\/06\/Foto13.jpg 2000w\" sizes=\"(max-width: 800px) 100vw, 800px\" \/><\/a>\n\t\t\t<\/div><\/figure>\n\t\t<\/div>\n\t\t<\/div>\n\t\t\t\t\t\t<\/div>\n\t\t\t\t<\/div>\n\t\t\t\t<div class=\"elementor-element elementor-element-4880f13e elementor-widget-divider--view-line elementor-widget elementor-widget-divider\" data-id=\"4880f13e\" data-element_type=\"widget\" data-e-type=\"widget\" data-widget_type=\"divider.default\">\n\t\t\t\t<div class=\"elementor-widget-container\">\n\t\t\t\t\t\t\t<div class=\"elementor-divider\">\n\t\t\t<span class=\"elementor-divider-separator\">\n\t\t\t\t\t\t<\/span>\n\t\t<\/div>\n\t\t\t\t\t\t<\/div>\n\t\t\t\t<\/div>\n\t\t\t\t<div class=\"elementor-element elementor-element-154d9e9a uael-share-buttons--view-icon-text uael-stylex-inline elementor-grid-0 elementor-widget elementor-widget-uael-social-share\" data-id=\"154d9e9a\" data-element_type=\"widget\" data-e-type=\"widget\" data-settings=\"{&quot;columns&quot;:&quot;0&quot;,&quot;column_gap&quot;:{&quot;unit&quot;:&quot;px&quot;,&quot;size&quot;:10,&quot;sizes&quot;:[]},&quot;column_gap_tablet&quot;:{&quot;unit&quot;:&quot;px&quot;,&quot;size&quot;:10,&quot;sizes&quot;:[]},&quot;column_gap_mobile&quot;:{&quot;unit&quot;:&quot;px&quot;,&quot;size&quot;:10,&quot;sizes&quot;:[]},&quot;row_gap&quot;:{&quot;unit&quot;:&quot;px&quot;,&quot;size&quot;:0,&quot;sizes&quot;:[]},&quot;row_gap_tablet&quot;:{&quot;unit&quot;:&quot;px&quot;,&quot;size&quot;:0,&quot;sizes&quot;:[]},&quot;row_gap_mobile&quot;:{&quot;unit&quot;:&quot;px&quot;,&quot;size&quot;:10,&quot;sizes&quot;:[]},&quot;button_size&quot;:{&quot;unit&quot;:&quot;px&quot;,&quot;size&quot;:&quot;&quot;,&quot;sizes&quot;:[]},&quot;button_size_tablet&quot;:{&quot;unit&quot;:&quot;px&quot;,&quot;size&quot;:&quot;&quot;,&quot;sizes&quot;:[]},&quot;button_size_mobile&quot;:{&quot;unit&quot;:&quot;px&quot;,&quot;size&quot;:&quot;&quot;,&quot;sizes&quot;:[]},&quot;button_height&quot;:{&quot;unit&quot;:&quot;em&quot;,&quot;size&quot;:&quot;&quot;,&quot;sizes&quot;:[]},&quot;button_height_tablet&quot;:{&quot;unit&quot;:&quot;em&quot;,&quot;size&quot;:&quot;&quot;,&quot;sizes&quot;:[]},&quot;button_height_mobile&quot;:{&quot;unit&quot;:&quot;em&quot;,&quot;size&quot;:&quot;&quot;,&quot;sizes&quot;:[]},&quot;icon_size&quot;:{&quot;unit&quot;:&quot;em&quot;,&quot;size&quot;:&quot;&quot;,&quot;sizes&quot;:[]},&quot;icon_size_tablet&quot;:{&quot;unit&quot;:&quot;em&quot;,&quot;size&quot;:&quot;&quot;,&quot;sizes&quot;:[]},&quot;icon_size_mobile&quot;:{&quot;unit&quot;:&quot;em&quot;,&quot;size&quot;:&quot;&quot;,&quot;sizes&quot;:[]}}\" data-widget_type=\"uael-social-share.default\">\n\t\t\t\t<div class=\"elementor-widget-container\">\n\t\t\t\t\t\n\t\t<div class=\"uael-style-inline uael-container uael-floating-align-\" data-pin_data_url=\"\" data-share_url_type=\"current_page\" data-share_url=\"\">\n\t\t\t<div class=\"elementor-grid uael-floating-align-\">\n\t\t\t\t\t\t\t\t\t<div class=\"elementor-grid-item\">\n\t\t\t\t\t\t\t\t\t\t\t\t<a  class=\"uael-share-btn-facebook\">\n\t\t\t\t\t\t\t<div class=\"uael-share-btn elementor-animation- uaelbtn-shape-square uaelbtn--skin-gradient\">\n\n\t\t\t\t\t\t\t\t\t\t\t\t\t\t\t\t\t\t\t<span class=\"uael-share-btn__icon\" aria-label=\"Share on facebook\">\n\t\t\t\t\t\t\t\t\t\t\t\t\t\t\t\t\t\t\t\t\t\t\t\t\t\t<i class=\"fab fa-facebook\" aria-hidden=\"true\"><\/i>\n\t\t\t\t\t\t\t\t\t\t\t\t\t\t\t\t\t\t\t\t\t\t\t\t<\/span>\n\t\t\t\t\t\t\t\t\t\t\t\t\t\t\t\t\t\t\t\t<div class=\"uael-share-btn__text\">\n\t\t\t\t\t\t\t\t\t\t\t\t<span class=\"uael-share-btn__title\">Facebook<\/span>\n\t\t\t\t\t\t\t\t\t\t<\/div>\n\t\t\t\t\t\t\t\t\t\t\t\t\t\t\t\t\t\t\t\t\t\t\t\t\t\t\t<\/div>\n\t\t\t\t\t\t<\/a>\n\t\t\t\t\t<\/div>\n\t\t\t\t\t\t\t\t\t\t<div class=\"elementor-grid-item\">\n\t\t\t\t\t\t\t\t\t\t\t\t<a  class=\"uael-share-btn-whatsapp\">\n\t\t\t\t\t\t\t<div class=\"uael-share-btn elementor-animation- uaelbtn-shape-square uaelbtn--skin-gradient\">\n\n\t\t\t\t\t\t\t\t\t\t\t\t\t\t\t\t\t\t\t<span class=\"uael-share-btn__icon\" aria-label=\"Share on whatsapp\">\n\t\t\t\t\t\t\t\t\t\t\t\t\t\t\t\t\t\t\t\t\t\t\t\t\t\t<i class=\"fab fa-whatsapp\" aria-hidden=\"true\"><\/i>\n\t\t\t\t\t\t\t\t\t\t\t\t\t\t\t\t\t\t\t\t\t\t\t\t<\/span>\n\t\t\t\t\t\t\t\t\t\t\t\t\t\t\t\t\t\t\t\t<div class=\"uael-share-btn__text\">\n\t\t\t\t\t\t\t\t\t\t\t\t<span class=\"uael-share-btn__title\">Whatsapp<\/span>\n\t\t\t\t\t\t\t\t\t\t<\/div>\n\t\t\t\t\t\t\t\t\t\t\t\t\t\t\t\t\t\t\t\t\t\t\t\t\t\t\t<\/div>\n\t\t\t\t\t\t<\/a>\n\t\t\t\t\t<\/div>\n\t\t\t\t\t\t\t\t<\/div>\n\t\t<\/div>\n\t\t\t\t\t\t<\/div>\n\t\t\t\t<\/div>\n\t\t\t\t\t<\/div>\n\t\t<\/div>\n\t\t\t\t<div class=\"elementor-column elementor-col-50 elementor-top-column elementor-element elementor-element-98a0625\" data-id=\"98a0625\" data-element_type=\"column\" data-e-type=\"column\">\n\t\t\t<div class=\"elementor-widget-wrap elementor-element-populated\">\n\t\t\t\t\t\t<div class=\"elementor-element elementor-element-7019ec74 elementor-widget elementor-widget-image\" data-id=\"7019ec74\" data-element_type=\"widget\" data-e-type=\"widget\" data-widget_type=\"image.default\">\n\t\t\t\t<div class=\"elementor-widget-container\">\n\t\t\t\t\t\t\t\t\t\t\t\t\t\t\t<img loading=\"lazy\" decoding=\"async\" width=\"2000\" height=\"1333\" src=\"https:\/\/foroacademy.com\/wp-content\/uploads\/2024\/06\/group-of-college-students-studying-together.jpg\" class=\"attachment-full size-full wp-image-49\" alt=\"\" srcset=\"https:\/\/foroacademy.com\/wp-content\/uploads\/2024\/06\/group-of-college-students-studying-together.jpg 2000w, https:\/\/foroacademy.com\/wp-content\/uploads\/2024\/06\/group-of-college-students-studying-together-300x200.jpg 300w, https:\/\/foroacademy.com\/wp-content\/uploads\/2024\/06\/group-of-college-students-studying-together-1024x682.jpg 1024w, https:\/\/foroacademy.com\/wp-content\/uploads\/2024\/06\/group-of-college-students-studying-together-768x512.jpg 768w, https:\/\/foroacademy.com\/wp-content\/uploads\/2024\/06\/group-of-college-students-studying-together-1536x1024.jpg 1536w, https:\/\/foroacademy.com\/wp-content\/uploads\/2024\/06\/group-of-college-students-studying-together-18x12.jpg 18w\" sizes=\"(max-width: 2000px) 100vw, 2000px\" \/>\t\t\t\t\t\t\t\t\t\t\t\t\t\t\t<\/div>\n\t\t\t\t<\/div>\n\t\t\t\t<div class=\"elementor-element elementor-element-5281c60c elementor-widget elementor-widget-text-editor\" data-id=\"5281c60c\" data-element_type=\"widget\" data-e-type=\"widget\" data-widget_type=\"text-editor.default\">\n\t\t\t\t<div class=\"elementor-widget-container\">\n\t\t\t\t\t\t\t\t\t<p>Need more information?<\/p>\t\t\t\t\t\t\t\t<\/div>\n\t\t\t\t<\/div>\n\t\t\t\t<section class=\"elementor-section elementor-inner-section elementor-element elementor-element-57d0ad2d elementor-section-boxed elementor-section-height-default elementor-section-height-default\" data-id=\"57d0ad2d\" data-element_type=\"section\" data-e-type=\"section\" data-settings=\"{&quot;background_background&quot;:&quot;classic&quot;}\">\n\t\t\t\t\t\t<div class=\"elementor-container elementor-column-gap-default\">\n\t\t\t\t\t<div class=\"elementor-column elementor-col-100 elementor-inner-column elementor-element elementor-element-6f2186fc\" data-id=\"6f2186fc\" data-element_type=\"column\" data-e-type=\"column\">\n\t\t\t<div class=\"elementor-widget-wrap elementor-element-populated\">\n\t\t\t\t\t\t<div class=\"elementor-element elementor-element-3144d990 elementor-align-justify elementor-widget elementor-widget-button\" data-id=\"3144d990\" data-element_type=\"widget\" data-e-type=\"widget\" data-widget_type=\"button.default\">\n\t\t\t\t<div class=\"elementor-widget-container\">\n\t\t\t\t\t\t\t\t\t<div class=\"elementor-button-wrapper\">\n\t\t\t\t\t<a class=\"elementor-button elementor-button-link elementor-size-md elementor-animation-float\" href=\"https:\/\/foroacademy.com\/en\/contact\/\">\n\t\t\t\t\t\t<span class=\"elementor-button-content-wrapper\">\n\t\t\t\t\t\t\t\t\t<span class=\"elementor-button-text\">Registration information<\/span>\n\t\t\t\t\t<\/span>\n\t\t\t\t\t<\/a>\n\t\t\t\t<\/div>\n\t\t\t\t\t\t\t\t<\/div>\n\t\t\t\t<\/div>\n\t\t\t\t<div class=\"elementor-element elementor-element-119ea77 elementor-widget elementor-widget-text-editor\" data-id=\"119ea77\" data-element_type=\"widget\" data-e-type=\"widget\" data-widget_type=\"text-editor.default\">\n\t\t\t\t<div class=\"elementor-widget-container\">\n\t\t\t\t\t\t\t\t\t<p>In addition <strong>we offer intensive English courses<\/strong> to obtain the official qualification in English equivalent to level B1 of the European Framework of Reference for Languages and which is the minimum qualification required to obtain the Bachelor's Degree. For further information\u00a0<b>call us at 969233662<\/b><\/p>\t\t\t\t\t\t\t\t<\/div>\n\t\t\t\t<\/div>\n\t\t\t\t\t<\/div>\n\t\t<\/div>\n\t\t\t\t\t<\/div>\n\t\t<\/section>\n\t\t\t\t\t<\/div>\n\t\t<\/div>\n\t\t\t\t\t<\/div>\n\t\t<\/section>\n\t\t\t\t<\/div>","protected":false},"excerpt":{"rendered":"<p>Instalaciones Un vistazo r\u00e1pido de nuestras instalaciones Facebook Whatsapp \u00bfNecesitas m\u00e1s informaci\u00f3n? Informaci\u00f3n de inscripci\u00f3n Adem\u00e1s ofrecemos cursos intensivos de ingl\u00e9s para obtener la titulaci\u00f3n oficial de ingl\u00e9s equivalente al nivel B1 del Marco de Referencia Europeo y que supone la titulaci\u00f3n m\u00ednima exigida para obtener el Grado. Para m\u00e1s informaci\u00f3n\u00a0ll\u00e1manos al 969233662<\/p>","protected":false},"author":1,"featured_media":0,"parent":0,"menu_order":0,"comment_status":"closed","ping_status":"closed","template":"","meta":{"footnotes":""},"class_list":["post-453","page","type-page","status-publish","hentry"],"_links":{"self":[{"href":"https:\/\/foroacademy.com\/en\/wp-json\/wp\/v2\/pages\/453","targetHints":{"allow":["GET"]}}],"collection":[{"href":"https:\/\/foroacademy.com\/en\/wp-json\/wp\/v2\/pages"}],"about":[{"href":"https:\/\/foroacademy.com\/en\/wp-json\/wp\/v2\/types\/page"}],"author":[{"embeddable":true,"href":"https:\/\/foroacademy.com\/en\/wp-json\/wp\/v2\/users\/1"}],"replies":[{"embeddable":true,"href":"https:\/\/foroacademy.com\/en\/wp-json\/wp\/v2\/comments?post=453"}],"version-history":[{"count":13,"href":"https:\/\/foroacademy.com\/en\/wp-json\/wp\/v2\/pages\/453\/revisions"}],"predecessor-version":[{"id":1090,"href":"https:\/\/foroacademy.com\/en\/wp-json\/wp\/v2\/pages\/453\/revisions\/1090"}],"wp:attachment":[{"href":"https:\/\/foroacademy.com\/en\/wp-json\/wp\/v2\/media?parent=453"}],"curies":[{"name":"wp","href":"https:\/\/api.w.org\/{rel}","templated":true}]}}