{"id":810,"date":"2024-06-09T00:31:30","date_gmt":"2024-06-08T22:31:30","guid":{"rendered":"https:\/\/foroacademy.com\/?page_id=810"},"modified":"2024-06-09T00:33:22","modified_gmt":"2024-06-08T22:33:22","slug":"legal-notice","status":"publish","type":"page","link":"https:\/\/foroacademy.com\/en\/aviso-legal\/","title":{"rendered":"Legal Notice"},"content":{"rendered":"\t\t<div data-elementor-type=\"wp-page\" data-elementor-id=\"810\" class=\"elementor elementor-810\" data-elementor-post-type=\"page\">\n\t\t\t\t<div class=\"elementor-element elementor-element-f7ae293 e-flex e-con-boxed e-con e-parent\" data-id=\"f7ae293\" data-element_type=\"container\" data-e-type=\"container\">\n\t\t\t\t\t<div class=\"e-con-inner\">\n\t\t\t\t<div class=\"elementor-element elementor-element-a5ef489 elementor-widget elementor-widget-heading\" data-id=\"a5ef489\" data-element_type=\"widget\" data-e-type=\"widget\" data-widget_type=\"heading.default\">\n\t\t\t\t<div class=\"elementor-widget-container\">\n\t\t\t\t\t<h2 class=\"elementor-heading-title elementor-size-default\">Aviso Legal<\/h2>\t\t\t\t<\/div>\n\t\t\t\t<\/div>\n\t\t\t\t<div class=\"elementor-element elementor-element-e9e53f3 elementor-widget elementor-widget-text-editor\" data-id=\"e9e53f3\" data-element_type=\"widget\" data-e-type=\"widget\" data-widget_type=\"text-editor.default\">\n\t\t\t\t<div class=\"elementor-widget-container\">\n\t\t\t\t\t\t\t\t\t<p><strong>Datos de la Empresa:<\/strong><\/p><ul><li><strong>Denominaci\u00f3n Social:<\/strong> Foro Cuenca SL<\/li><li><strong>NIF:<\/strong> B16177271<\/li><li><strong>Tel\u00e9fono:<\/strong> 644 02 00 60<\/li><\/ul><p><strong>Nombre Completo del Negocio:<\/strong> Foro Cuenca<\/p><p><strong>Nombre de la P\u00e1gina Web:<\/strong> Foro Formaci\u00f3n<\/p><p><strong>Objeto del Sitio Web:<\/strong> El presente sitio web tiene por objeto facilitar informaci\u00f3n sobre los servicios ofrecidos por Foro Cuenca SL, as\u00ed como promover la comunicaci\u00f3n con sus usuarios y potenciales clientes.<\/p><p><strong>Condiciones de Uso:<\/strong> El acceso y uso de este sitio web est\u00e1n sujetos a las siguientes condiciones. Al acceder y navegar por este sitio, el usuario acepta sin reservas estas condiciones.<\/p><p><strong>Propiedad Intelectual e Industrial:<\/strong> Todos los derechos de propiedad intelectual e industrial del sitio web y de sus contenidos son propiedad de Foro Cuenca SL o de terceros, y est\u00e1n protegidos por la legislaci\u00f3n vigente en materia de propiedad intelectual e industrial.<\/p><p><strong>Pol\u00edtica de Privacidad:<\/strong> La utilizaci\u00f3n de los datos personales recabados a trav\u00e9s de este sitio web se rige por nuestra pol\u00edtica de privacidad, la cual puede ser consultada en el siguiente enlace [enlace a la pol\u00edtica de privacidad].<\/p><p><strong>Ley Aplicable y Jurisdicci\u00f3n:<\/strong> Estas condiciones de uso se rigen por la legislaci\u00f3n espa\u00f1ola. Cualquier controversia que pudiera surgir en relaci\u00f3n con este sitio web se someter\u00e1 a la jurisdicci\u00f3n exclusiva de los juzgados y tribunales de la ciudad de Cuenca.<\/p><p><strong>Contacto:<\/strong> Para cualquier consulta o comentario sobre este aviso legal, puede contactar con nosotros a trav\u00e9s del tel\u00e9fono 644 02 00 60 o enviando un correo electr\u00f3nico.<\/p><p><strong>Modificaci\u00f3n del Aviso Legal:<\/strong> Foro Cuenca SL se reserva el derecho de modificar este aviso legal en cualquier momento, sin previo aviso. Por lo tanto, se recomienda al usuario revisar este aviso legal cada vez que acceda al sitio web.<\/p>\t\t\t\t\t\t\t\t<\/div>\n\t\t\t\t<\/div>\n\t\t\t\t\t<\/div>\n\t\t\t\t<\/div>\n\t\t\t\t<\/div>\n\t\t","protected":false},"excerpt":{"rendered":"<p>Aviso Legal Datos de la Empresa: Denominaci\u00f3n Social: Foro Cuenca SL NIF: B16177271 Tel\u00e9fono: 644 02 00 60 Nombre Completo del Negocio: Foro Cuenca Nombre de la P\u00e1gina Web: Foro Formaci\u00f3n Objeto del Sitio Web: El presente sitio web tiene por objeto facilitar informaci\u00f3n sobre los servicios ofrecidos por Foro Cuenca SL, as\u00ed como promover [&hellip;]<\/p>\n","protected":false},"author":1,"featured_media":0,"parent":0,"menu_order":0,"comment_status":"closed","ping_status":"closed","template":"","meta":{"footnotes":""},"class_list":["post-810","page","type-page","status-publish","hentry"],"_links":{"self":[{"href":"https:\/\/foroacademy.com\/en\/wp-json\/wp\/v2\/pages\/810","targetHints":{"allow":["GET"]}}],"collection":[{"href":"https:\/\/foroacademy.com\/en\/wp-json\/wp\/v2\/pages"}],"about":[{"href":"https:\/\/foroacademy.com\/en\/wp-json\/wp\/v2\/types\/page"}],"author":[{"embeddable":true,"href":"https:\/\/foroacademy.com\/en\/wp-json\/wp\/v2\/users\/1"}],"replies":[{"embeddable":true,"href":"https:\/\/foroacademy.com\/en\/wp-json\/wp\/v2\/comments?post=810"}],"version-history":[{"count":5,"href":"https:\/\/foroacademy.com\/en\/wp-json\/wp\/v2\/pages\/810\/revisions"}],"predecessor-version":[{"id":816,"href":"https:\/\/foroacademy.com\/en\/wp-json\/wp\/v2\/pages\/810\/revisions\/816"}],"wp:attachment":[{"href":"https:\/\/foroacademy.com\/en\/wp-json\/wp\/v2\/media?parent=810"}],"curies":[{"name":"wp","href":"https:\/\/api.w.org\/{rel}","templated":true}]}}