{"id":826,"date":"2024-06-09T00:35:23","date_gmt":"2024-06-08T22:35:23","guid":{"rendered":"https:\/\/foroacademy.com\/?page_id=826"},"modified":"2024-06-09T00:37:17","modified_gmt":"2024-06-08T22:37:17","slug":"privacy-policy","status":"publish","type":"page","link":"https:\/\/foroacademy.com\/en\/politica-de-privacidad\/","title":{"rendered":"Privacy Policy"},"content":{"rendered":"<div data-elementor-type=\"wp-page\" data-elementor-id=\"826\" class=\"elementor elementor-826\" data-elementor-post-type=\"page\">\n\t\t\t\t<div class=\"elementor-element elementor-element-dd6010e e-flex e-con-boxed e-con e-parent\" data-id=\"dd6010e\" data-element_type=\"container\" data-e-type=\"container\">\n\t\t\t\t\t<div class=\"e-con-inner\">\n\t\t\t\t<div class=\"elementor-element elementor-element-fd6e6a5 elementor-widget elementor-widget-heading\" data-id=\"fd6e6a5\" data-element_type=\"widget\" data-e-type=\"widget\" data-widget_type=\"heading.default\">\n\t\t\t\t<div class=\"elementor-widget-container\">\n\t\t\t\t\t<h2 class=\"elementor-heading-title elementor-size-default\">Privacy Policy<\/h2>\t\t\t\t<\/div>\n\t\t\t\t<\/div>\n\t\t\t\t<div class=\"elementor-element elementor-element-23569c71 elementor-widget elementor-widget-text-editor\" data-id=\"23569c71\" data-element_type=\"widget\" data-e-type=\"widget\" data-widget_type=\"text-editor.default\">\n\t\t\t\t<div class=\"elementor-widget-container\">\n\t\t\t\t\t\t\t\t\t<p><strong>1. General Information<\/strong><\/p><p>Foro Cuenca SL (hereinafter \"we\", \"us\", \"our\" or \"the company\") is committed to protecting the privacy of the users of our website. This privacy policy describes how we collect, use and protect the personal information you provide to us.<\/p><p><strong>2. Information We Collect<\/strong><\/p><p>We collect personal information in a variety of ways, including:<\/p><ul><li>Information that you provide directly to us by filling out forms on our website, such as your name, email address, phone number, etc.<\/li><li>Information collected automatically through the use of cookies and other tracking technologies. For more information on how we use cookies, please see our Cookie Policy.<\/li><\/ul><p><strong>3. Use of Information<\/strong><\/p><p>We use the information collected for the following purposes:<\/p><ul><li>Process and respond to your queries and requests.<\/li><li>To provide you with the products and services you request.<\/li><li>Personalise your experience on our website.<\/li><li>To send you marketing communications, where you have consented to receive them.<\/li><li>Improve our products, services and website.<\/li><\/ul><p><strong>4. Information Sharing<\/strong><\/p><p>We do not sell, rent or share personal information with third parties, except in the following cases:<\/p><ul><li>When necessary to comply with the law or to protect our legal rights.<\/li><li>With service providers who help us operate our business and provide products and services to you.<\/li><li>With their explicit consent.<\/li><\/ul><p><strong>5. Information Security<\/strong><\/p><p>We implement technical, administrative and physical security measures to protect personal information against unauthorised access, disclosure, alteration or destruction.<\/p><p><strong>6. Your Privacy Rights<\/strong><\/p><p>You have the right to access, correct, update or delete your personal information at any time. You may also opt out of receiving marketing communications from us. To exercise these rights or obtain further information, please contact us using the contact details provided at the end of this policy.<\/p><p><strong>7. Changes to this Privacy Policy<\/strong><\/p><p>We reserve the right to update this privacy policy at any time. Any significant changes will be posted on our website along with the effective date of the new policy.<\/p><p><strong>8. Contact<\/strong><\/p><p>If you have any questions or concerns about our privacy policy, please do not hesitate to contact us.<\/p>\t\t\t\t\t\t\t\t<\/div>\n\t\t\t\t<\/div>\n\t\t\t\t\t<\/div>\n\t\t\t\t<\/div>\n\t\t\t\t<\/div>","protected":false},"excerpt":{"rendered":"<p>Pol\u00edtica de Privacidad 1. Informaci\u00f3n General Foro Cuenca SL (en adelante, \u00abnosotros\u00bb, \u00abnuestro\u00bb o \u00abla empresa\u00bb) se compromete a proteger la privacidad de los usuarios de nuestro sitio web. Esta pol\u00edtica de privacidad describe c\u00f3mo recopilamos, utilizamos y protegemos la informaci\u00f3n personal que usted nos proporciona. 2. Informaci\u00f3n que Recopilamos Recopilamos informaci\u00f3n personal de diversas [&hellip;]<\/p>\n","protected":false},"author":1,"featured_media":0,"parent":0,"menu_order":0,"comment_status":"closed","ping_status":"closed","template":"","meta":{"footnotes":""},"class_list":["post-826","page","type-page","status-publish","hentry"],"_links":{"self":[{"href":"https:\/\/foroacademy.com\/en\/wp-json\/wp\/v2\/pages\/826","targetHints":{"allow":["GET"]}}],"collection":[{"href":"https:\/\/foroacademy.com\/en\/wp-json\/wp\/v2\/pages"}],"about":[{"href":"https:\/\/foroacademy.com\/en\/wp-json\/wp\/v2\/types\/page"}],"author":[{"embeddable":true,"href":"https:\/\/foroacademy.com\/en\/wp-json\/wp\/v2\/users\/1"}],"replies":[{"embeddable":true,"href":"https:\/\/foroacademy.com\/en\/wp-json\/wp\/v2\/comments?post=826"}],"version-history":[{"count":4,"href":"https:\/\/foroacademy.com\/en\/wp-json\/wp\/v2\/pages\/826\/revisions"}],"predecessor-version":[{"id":831,"href":"https:\/\/foroacademy.com\/en\/wp-json\/wp\/v2\/pages\/826\/revisions\/831"}],"wp:attachment":[{"href":"https:\/\/foroacademy.com\/en\/wp-json\/wp\/v2\/media?parent=826"}],"curies":[{"name":"wp","href":"https:\/\/api.w.org\/{rel}","templated":true}]}}