{"id":833,"date":"2024-06-09T00:38:43","date_gmt":"2024-06-08T22:38:43","guid":{"rendered":"https:\/\/foroacademy.com\/?page_id=833"},"modified":"2024-06-09T00:39:23","modified_gmt":"2024-06-08T22:39:23","slug":"accessibility","status":"publish","type":"page","link":"https:\/\/foroacademy.com\/en\/accesibilidad\/","title":{"rendered":"Accessibility"},"content":{"rendered":"<div data-elementor-type=\"wp-page\" data-elementor-id=\"833\" class=\"elementor elementor-833\" data-elementor-post-type=\"page\">\n\t\t\t\t<div class=\"elementor-element elementor-element-456bb5b3 e-flex e-con-boxed e-con e-parent\" data-id=\"456bb5b3\" data-element_type=\"container\" data-e-type=\"container\">\n\t\t\t\t\t<div class=\"e-con-inner\">\n\t\t\t\t<div class=\"elementor-element elementor-element-43e18935 elementor-widget elementor-widget-heading\" data-id=\"43e18935\" data-element_type=\"widget\" data-e-type=\"widget\" data-widget_type=\"heading.default\">\n\t\t\t\t<div class=\"elementor-widget-container\">\n\t\t\t\t\t<h2 class=\"elementor-heading-title elementor-size-default\">Accessibility Policy<\/h2>\t\t\t\t<\/div>\n\t\t\t\t<\/div>\n\t\t\t\t<div class=\"elementor-element elementor-element-5117ddd6 elementor-widget elementor-widget-text-editor\" data-id=\"5117ddd6\" data-element_type=\"widget\" data-e-type=\"widget\" data-widget_type=\"text-editor.default\">\n\t\t\t\t<div class=\"elementor-widget-container\">\n\t\t\t\t\t\t\t\t\t<p>At Foro Cuenca SL, we strive to ensure that our website is accessible to everyone, regardless of their abilities or physical limitations. We are committed to complying with web accessibility standards and to providing an inclusive online experience for all our users.<\/p><p><strong>1. Compliance with Accessibility Standards<\/strong><\/p><p>We are committed to complying with the Web Content Accessibility Guidelines (WCAG) 2.1 at level AA. These standards focus on making web content more accessible to people with disabilities, including but not limited to visual, hearing, motor and cognitive disabilities.<\/p><p><strong>2. Accessibility Measures Implemented<\/strong><\/p><p>In order to meet our accessibility commitments, we have taken the following steps on our website:<\/p><ul><li>Use of semantic markup and logical structure to improve navigation and understanding of content.<\/li><li>Use of appropriate contrast between text and background to improve readability.<\/li><li>Provide textual alternatives for non-textual content, such as images.<\/li><li>Implementation of hotkeys to facilitate keyboard navigation.<\/li><li>Ensuring that all site functions are operable via a keyboard.<\/li><li>Providing options to customise text size and other display preferences.<\/li><\/ul><p><strong>3. Periodic Testing and Evaluation<\/strong><\/p><p>We regularly test our website for accessibility to identify potential barriers and accessibility issues. We use automated evaluation tools and also perform manual testing to ensure that our site meets accessibility standards.<\/p><p><strong>4. Feedback and Continuous Improvement<\/strong><\/p><p>We appreciate feedback from our users on the accessibility of our website. If you encounter any accessibility barriers or have any suggestions for improving the accessibility of our site, please do not hesitate to contact us.<\/p><p><strong>5. Contact<\/strong><\/p><p>If you have any questions or concerns about our accessibility policy, or if you need assistance in accessing our website, please do not hesitate to contact us.<\/p>\t\t\t\t\t\t\t\t<\/div>\n\t\t\t\t<\/div>\n\t\t\t\t\t<\/div>\n\t\t\t\t<\/div>\n\t\t\t\t<\/div>","protected":false},"excerpt":{"rendered":"<p>Pol\u00edtica de Accesibilidad En Foro Cuenca SL, nos esforzamos por garantizar que nuestro sitio web sea accesible para todos, independientemente de sus habilidades o limitaciones f\u00edsicas. Nos comprometemos a cumplir con los est\u00e1ndares de accesibilidad web y a proporcionar una experiencia en l\u00ednea inclusiva para todos nuestros usuarios. 1. Cumplimiento con los Est\u00e1ndares de Accesibilidad [&hellip;]<\/p>\n","protected":false},"author":1,"featured_media":0,"parent":0,"menu_order":0,"comment_status":"closed","ping_status":"closed","template":"","meta":{"footnotes":""},"class_list":["post-833","page","type-page","status-publish","hentry"],"_links":{"self":[{"href":"https:\/\/foroacademy.com\/en\/wp-json\/wp\/v2\/pages\/833","targetHints":{"allow":["GET"]}}],"collection":[{"href":"https:\/\/foroacademy.com\/en\/wp-json\/wp\/v2\/pages"}],"about":[{"href":"https:\/\/foroacademy.com\/en\/wp-json\/wp\/v2\/types\/page"}],"author":[{"embeddable":true,"href":"https:\/\/foroacademy.com\/en\/wp-json\/wp\/v2\/users\/1"}],"replies":[{"embeddable":true,"href":"https:\/\/foroacademy.com\/en\/wp-json\/wp\/v2\/comments?post=833"}],"version-history":[{"count":4,"href":"https:\/\/foroacademy.com\/en\/wp-json\/wp\/v2\/pages\/833\/revisions"}],"predecessor-version":[{"id":838,"href":"https:\/\/foroacademy.com\/en\/wp-json\/wp\/v2\/pages\/833\/revisions\/838"}],"wp:attachment":[{"href":"https:\/\/foroacademy.com\/en\/wp-json\/wp\/v2\/media?parent=833"}],"curies":[{"name":"wp","href":"https:\/\/api.w.org\/{rel}","templated":true}]}}